{"id":138102,"date":"2025-04-28T16:40:37","date_gmt":"2025-04-28T16:40:37","guid":{"rendered":"https:\/\/ar.software.com.br\/produto\/ip-address-manager\/"},"modified":"2025-04-28T16:40:37","modified_gmt":"2025-04-28T16:40:37","slug":"ip-address-manager","status":"publish","type":"product","link":"https:\/\/software.com.ar\/en\/produto\/ip-address-manager\/","title":{"rendered":"IP Address Manager"},"content":{"rendered":"<p>Con SolarWinds IP Address Manager (IPAM), puede simplificar la gesti\u00f3n de direcciones IP y la administraci\u00f3n de su DHCP y DNS. Ofrece administraci\u00f3n centralizada de direcciones IP con administraci\u00f3n unificada de DHCP y DNS para facilitar la b\u00fasqueda de direcciones IP disponibles, configurar autom\u00e1ticamente las configuraciones de DHCP y DNS y publicar documentaci\u00f3n precisa de direcciones.\n<\/p>\n<p>El software ayuda a administrar f\u00e1cilmente miles de direcciones IP y garantiza que cada nuevo dispositivo m\u00f3vil o inteligente, servidor virtual, servidor o computadora de escritorio tenga su propia direcci\u00f3n IP \u00fanica. Con IP Address Manager, puede publicar documentaci\u00f3n confiable de direcciones IP y permitir que los equipos completen sus proyectos de manera m\u00e1s r\u00e1pida y precisa. Adem\u00e1s, puede garantizar un funcionamiento fluido de la red al monitorear activamente los recursos de IP cr\u00edticos, como los \u00e1mbitos de DHCP y las direcciones IP activas disponibles, y al configurar y recibir alertas oportunas e informes de administraci\u00f3n informativos.\n<\/p>\n<p><\/p>\n<p><strong>Recursos esenciales<br \/>\n<\/strong><\/p>\n<p><strong>Escaneo automatizado de direcciones IP:<\/strong> configure f\u00e1cilmente un escaneo autom\u00e1tico programado para reducir los errores manuales y garantizar que la informaci\u00f3n de la direcci\u00f3n IP de su red est\u00e9 siempre actualizada.\n<\/p>\n<p><strong>Funcionalidad de alcance de DHCP dividido:<\/strong> IP Address Manager proporciona una configuraci\u00f3n r\u00e1pida y sencilla del alcance de DHCP dividido para brindar alta disponibilidad y equilibrio de carga de sus servicios DHCP cr\u00edticos.\n<\/p>\n<p><strong>Role-based access control<\/strong>: coordine el acceso del equipo, optimice la delegaci\u00f3n de tareas y proporcione una administraci\u00f3n segura a trav\u00e9s de permisos basados \u200b\u200ben roles y control de usuario granular.\n<\/p>\n<p>Este software puede detectar activamente direcciones IP duplicadas y conflictos de direcciones IP tanto para entornos est\u00e1ticos como DHCP para ayudar a prevenir problemas de red antes de que sucedan. El Administrador de direcciones IP lo ayuda a adelantarse a problemas graves como conflictos de direcciones, rendimiento deficiente de los servidores DHCP\/DNS o alcances completos de DHCP. De hecho, la mayor\u00eda de estos problemas pueden salirse de control y convertirse en fallas graves de la red si no se detectan o si no se controlan los par\u00e1metros cr\u00edticos. \u00a1As\u00ed que elija ser proactivo en lugar de reactivo!\n<\/p>\n<p><strong>Minimum system requirements<br \/>\n<\/strong><\/p>\n<p><strong>Operating system<br \/>\n<\/strong><\/p>\n<p>Windows Server 2003, 2008 (incluido R2) o 2012, con IIS en modo de 32 bits. IIS debe estar instalado. SolarWinds recomienda que los administradores de Orion tengan privilegios de administrador local para garantizar la funcionalidad completa de las herramientas locales de Orion. Las cuentas limitadas al uso de Orion Web Console no requieren privilegios de administrador.\n<\/p>\n<p>Notas: SolarWinds no admite instalaciones de producci\u00f3n de productos Orion en sistemas Windows XP, Windows Vista o Windows 7. Las cuentas limitadas al uso de Orion Web Console no requieren privilegios de administrador.\n<\/p>\n<p><\/p>\n<p><strong>UPC<br \/>\n<\/strong><\/p>\n<ul>\n<li>P1000: 2,0 GHz (se recomienda doble n\u00facleo)\n<\/li>\n<li>IP4000: 2,4 GHz (se recomienda doble n\u00facleo)\n<\/li>\n<li>IP16000 e IPX: 3,0 GHz (se recomienda doble n\u00facleo)\n<\/li>\n<li>.NET Framework versi\u00f3n 3.5 o posterior (se recomienda .NET Framework 4.0)\n<\/li>\n<\/ul>\n<p><strong>Memory<br \/>\n<\/strong><\/p>\n<ul>\n<li>IP1000 &#8211; 3 GB\n<\/li>\n<li>IP4000 \u2013 4GB\n<\/li>\n<li>IP16000 e IPX: 4 GB\n<\/li>\n<\/ul>\n<p><strong>Data bank<br \/>\n<\/strong><\/p>\n<ul>\n<li>Servidor SQL 2005 SP1, 2005 SP2, 2005 SP3, 2005 SP4\n<\/li>\n<li>SQL 2008 sin SP, 2008 SP1, 2008 SP2, 2008 SP3\n<\/li>\n<li>SQL 2008 R2 sin SP, 2008 R2 SP1, 2008 R2 SP2\n<\/li>\n<li>SQL 2012, SQL 2012 SP1\n<\/li>\n<\/ul>\n<p><strong>Hard drive<br \/>\n<\/strong><\/p>\n<ul>\n<li>IP1000 \u2013 2GB\n<\/li>\n<li>IP4000 &#8211; 5GB\n<\/li>\n<li>IP16000 e IPX: 20 GB\n<\/li>\n<li>Servicios de trampas SNMP\n<\/li>\n<li>Componente de administraci\u00f3n del sistema operativo y herramientas de monitoreo de Windows\n<\/li>\n<\/ul>\n<p><strong>Puertos de aplicaci\u00f3n<br \/>\n<\/strong><\/p>\n<ul>\n<li>161\/SNMP y 443\/SNMP\n<\/li>\n<li>17777\/TCP abierto para tr\u00e1fico de m\u00f3dulos a Orion\n<\/li>\n<li>17778\/ Abrir HTTPS para acceder a la API del servicio de informaci\u00f3n de SolarWinds\n<\/li>\n<\/ul>\n<p><strong>Navegador de consola web<br \/>\n<\/strong><\/p>\n<ul>\n<li>Microsoft Internet Explorer versi\u00f3n 6 o superior con secuencias de comandos activas Firefox 3.0 o superior (la integraci\u00f3n del conjunto de configuraci\u00f3n no es compatible con Firefox)\n<\/li>\n<\/ul>\n<p><\/p>","protected":false},"excerpt":{"rendered":"<p>With SolarWinds IP Address Manager (IPAM), you can ditch those outdated spreadsheets and hassles once and for all, and opt for the reliability and scalability of a consolidated, automated IP address, DNS, and DHCP management solution.\n<\/p>\n<p>IP address management software designed to save time and avoid costly mistakes\n<\/p>\n<p><strong>Main features<br \/>\n<\/strong><\/p>\n<ul>\n<li>Automated IP address tracking;<\/li>\n<li>Integrated management of DHCP, DNS and IP addresses;<\/li>\n<li>Alerts, troubleshooting, and IP address reporting;<\/li>\n<li>Multi-vendor DHCP and DNS support on-premises and in the cloud;<\/li>\n<li>IP request form to simplify and automate IP address requests;<\/li>\n<li>API support for CRUD operations to provide two-way integration with third-party software.<\/li>\n<\/ul>\n<p><\/p>","protected":false},"featured_media":138103,"comment_status":"open","ping_status":"closed","template":"","meta":{"_acf_changed":false},"segmento":[],"product_cat":[48443,48459],"product_tag":[],"class_list":{"0":"post-138102","1":"product","2":"type-product","3":"status-publish","4":"has-post-thumbnail","6":"negocios-tecnologia-de-la-informacion-ti","7":"fabricante-solarwinds-worldwide-llc","8":"product_cat-ciberseguridad","9":"product_cat-red-y-monitoreo","11":"first","12":"instock","13":"shipping-taxable","14":"purchasable","15":"product-type-simple"},"acf":[],"_links":{"self":[{"href":"https:\/\/software.com.ar\/en\/wp-json\/wp\/v2\/product\/138102","targetHints":{"allow":["GET"]}}],"collection":[{"href":"https:\/\/software.com.ar\/en\/wp-json\/wp\/v2\/product"}],"about":[{"href":"https:\/\/software.com.ar\/en\/wp-json\/wp\/v2\/types\/product"}],"replies":[{"embeddable":true,"href":"https:\/\/software.com.ar\/en\/wp-json\/wp\/v2\/comments?post=138102"}],"wp:featuredmedia":[{"embeddable":true,"href":"https:\/\/software.com.ar\/en\/wp-json\/wp\/v2\/media\/138103"}],"wp:attachment":[{"href":"https:\/\/software.com.ar\/en\/wp-json\/wp\/v2\/media?parent=138102"}],"wp:term":[{"taxonomy":"segmento","embeddable":true,"href":"https:\/\/software.com.ar\/en\/wp-json\/wp\/v2\/segmento?post=138102"},{"taxonomy":"product_cat","embeddable":true,"href":"https:\/\/software.com.ar\/en\/wp-json\/wp\/v2\/product_cat?post=138102"},{"taxonomy":"product_tag","embeddable":true,"href":"https:\/\/software.com.ar\/en\/wp-json\/wp\/v2\/product_tag?post=138102"}],"curies":[{"name":"wp","href":"https:\/\/api.w.org\/{rel}","templated":true}]}}