{"id":140057,"date":"2025-04-28T16:52:20","date_gmt":"2025-04-28T16:52:20","guid":{"rendered":"https:\/\/ar.software.com.br\/produto\/aspose-total-for-reporting-services\/"},"modified":"2025-04-28T16:52:20","modified_gmt":"2025-04-28T16:52:20","slug":"aspose-total-for-reporting-services","status":"publish","type":"product","link":"https:\/\/software.com.ar\/en\/produto\/aspose-total-for-reporting-services\/","title":{"rendered":"Aspose Total for Reporting Services"},"content":{"rendered":"<p>Understanding the unique needs of Microsoft SQL Server developers, Aspose introduces Aspose.Total for Reporting Services, a unique set of five rendering extensions for Microsoft SQL Server Reporting Services. Using these rendering extensions, developers can easily export their RDL reports to Word, Excel, PowerPoint, and PDF. <\/p>\n<p>Adem\u00e1s tambi\u00e9n puede agregar c\u00f3digos de barras a los documentos exportados utilizando Aspose.Total for Reporting Services que se pueden comprar de forma sencilla y a un precio accesible! <\/p>\n<p>Aspose.Total for Reporting Services es una soluci\u00f3n de reportes confiable y de gran alcance que se produjo despu\u00e9s de una extensa investigaci\u00f3n y desarrollo para permitir a los desarrolladores sean m\u00e1s productivos, proporcionando soluciones de calidad a sus clientes a tiempo. Entre sus principales caracter\u00edsticas, destacan: <\/p>\n<p>Aspose.Total for Reporting Services = \u00abn+\u00bb extensiones de renderizaci\u00f3n. <\/p>\n<p>Reportes de exportaci\u00f3n en varios formatos.<\/p>\n<p>Soporte amplio a RDL.<\/p>\n<p>High Fidelity para el dise\u00f1o del reporte.<\/p>\n<p>Implantaci\u00f3n r\u00e1pida y f\u00e1cil.<\/p>\n<p>Aspose Total for Reporting Services Incluye:<\/p>\n<p>Aspose.Words for Reporting Services <\/p>\n<p>Aspose.Slides for Reporting Services<\/p>\n<p>Aspose.Cells for Reporting Services<\/p>\n<p>Aspose.Pdf for Reporting Services <\/p>\n<p>Aspose.BarCode for Reporting Services.<\/p>","protected":false},"excerpt":{"rendered":"<p>Understanding the unique needs of Microsoft SQL Server developers, Aspose introduces Aspose.Total for Reporting Services, a unique set of five rendering extensions for Microsoft SQL Server Reporting Services. Using these rendering extensions, developers can easily export their RDL reports to Word, Excel, PowerPoint, and PDF. <\/p>","protected":false},"featured_media":140058,"comment_status":"open","ping_status":"closed","template":"","meta":{"_acf_changed":false},"segmento":[],"product_cat":[48460,48444],"product_tag":[],"class_list":{"0":"post-140057","1":"product","2":"type-product","3":"status-publish","4":"has-post-thumbnail","6":"negocios-administracion-general","7":"negocios-produccion-ingenieria-calidad","8":"negocios-tecnologia-de-la-informacion-ti","9":"fabricante-aspose","10":"product_cat-gestion-de-documentos","11":"product_cat-innovacion-y-transformacion-digital","13":"first","14":"instock","15":"shipping-taxable","16":"purchasable","17":"product-type-simple"},"acf":[],"_links":{"self":[{"href":"https:\/\/software.com.ar\/en\/wp-json\/wp\/v2\/product\/140057","targetHints":{"allow":["GET"]}}],"collection":[{"href":"https:\/\/software.com.ar\/en\/wp-json\/wp\/v2\/product"}],"about":[{"href":"https:\/\/software.com.ar\/en\/wp-json\/wp\/v2\/types\/product"}],"replies":[{"embeddable":true,"href":"https:\/\/software.com.ar\/en\/wp-json\/wp\/v2\/comments?post=140057"}],"wp:featuredmedia":[{"embeddable":true,"href":"https:\/\/software.com.ar\/en\/wp-json\/wp\/v2\/media\/140058"}],"wp:attachment":[{"href":"https:\/\/software.com.ar\/en\/wp-json\/wp\/v2\/media?parent=140057"}],"wp:term":[{"taxonomy":"segmento","embeddable":true,"href":"https:\/\/software.com.ar\/en\/wp-json\/wp\/v2\/segmento?post=140057"},{"taxonomy":"product_cat","embeddable":true,"href":"https:\/\/software.com.ar\/en\/wp-json\/wp\/v2\/product_cat?post=140057"},{"taxonomy":"product_tag","embeddable":true,"href":"https:\/\/software.com.ar\/en\/wp-json\/wp\/v2\/product_tag?post=140057"}],"curies":[{"name":"wp","href":"https:\/\/api.w.org\/{rel}","templated":true}]}}