{"id":145924,"date":"2025-04-28T17:28:35","date_gmt":"2025-04-28T17:28:35","guid":{"rendered":"https:\/\/ar.software.com.br\/produto\/typeapp-plus\/"},"modified":"2025-04-28T17:28:35","modified_gmt":"2025-04-28T17:28:35","slug":"typeapp-plus","status":"publish","type":"product","link":"https:\/\/software.com.ar\/en\/produto\/typeapp-plus\/","title":{"rendered":"TypeApp Plus"},"content":{"rendered":"<p style=\"text-align: justify\"><strong>Evite el desorden de correo electr\u00f3nico mediante cl\u00fasteres autom\u00e1ticos<br \/>\n<\/strong><\/p>\n<p><strong><br \/>\n<\/strong><\/p>\n<p style=\"text-align: justify\">Mantenga su bandeja de entrada ordenada al tener una sola entrada para estos correos electr\u00f3nicos y boletines generados por m\u00e1quinas. TypeApp agregar\u00e1 todos los correos electr\u00f3nicos de estos servicios autom\u00e1ticamente, con un nombre de servicio y un avatar.\n<\/p>\n<p style=\"text-align: justify\"><strong>Seguimiento de conversaciones en su bandeja de entrada<br \/>\n<\/strong><\/p>\n<p style=\"text-align: justify\">Cuando responde a correos electr\u00f3nicos o las personas le responden, TypeApp crea conversaciones con los correos electr\u00f3nicos enviados y recibidos. Extender una conversaci\u00f3n a nuevos miembros crear\u00e1 conversaciones vinculadas, lo que garantiza una visibilidad completa de todos los correos electr\u00f3nicos.\n<\/p>\n<p style=\"text-align: justify\"><strong>Ver todas sus cuentas en un solo lugar<br \/>\n<\/strong><\/p>\n<p style=\"text-align: justify\">Con cuentas ilimitadas de todos los proveedores y protocolos, puede administrar todos sus correos electr\u00f3nicos con TypeApp y supervisar todas las actividades de correo electr\u00f3nico r\u00e1pidamente. Mu\u00e9vase f\u00e1cilmente desde la Bandeja de entrada unificada a una cuenta espec\u00edfica, entre cuentas y seleccione carpetas y filtros con el Selector.\n<\/p>\n<p style=\"text-align: justify\"><strong>Obtenga Instant Push Mail, personal\u00edcelo inteligentemente<br \/>\n<\/strong><\/p>\n<p style=\"text-align: justify\">Reciba notificaciones instant\u00e1neas para sus nuevos correos electr\u00f3nicos usando su tableta, tel\u00e9fono o reloj Android o iOS. Personaliza las horas de silencio para que coincidan con tu estilo de vida.<\/p>","protected":false},"excerpt":{"rendered":"<p><strong>Redefining mobile email<\/strong><\/p>","protected":false},"featured_media":145925,"comment_status":"open","ping_status":"closed","template":"","meta":{"_acf_changed":false},"segmento":[],"product_cat":[48452,48475],"product_tag":[],"class_list":{"0":"post-145924","1":"product","2":"type-product","3":"status-publish","4":"has-post-thumbnail","6":"negocios-administracion-general","7":"negocios-tecnologia-de-la-informacion-ti","8":"fabricante-typeapp","9":"product_cat-productividad","10":"product_cat-utilidades","12":"first","13":"instock","14":"shipping-taxable","15":"purchasable","16":"product-type-simple"},"acf":[],"_links":{"self":[{"href":"https:\/\/software.com.ar\/en\/wp-json\/wp\/v2\/product\/145924","targetHints":{"allow":["GET"]}}],"collection":[{"href":"https:\/\/software.com.ar\/en\/wp-json\/wp\/v2\/product"}],"about":[{"href":"https:\/\/software.com.ar\/en\/wp-json\/wp\/v2\/types\/product"}],"replies":[{"embeddable":true,"href":"https:\/\/software.com.ar\/en\/wp-json\/wp\/v2\/comments?post=145924"}],"wp:featuredmedia":[{"embeddable":true,"href":"https:\/\/software.com.ar\/en\/wp-json\/wp\/v2\/media\/145925"}],"wp:attachment":[{"href":"https:\/\/software.com.ar\/en\/wp-json\/wp\/v2\/media?parent=145924"}],"wp:term":[{"taxonomy":"segmento","embeddable":true,"href":"https:\/\/software.com.ar\/en\/wp-json\/wp\/v2\/segmento?post=145924"},{"taxonomy":"product_cat","embeddable":true,"href":"https:\/\/software.com.ar\/en\/wp-json\/wp\/v2\/product_cat?post=145924"},{"taxonomy":"product_tag","embeddable":true,"href":"https:\/\/software.com.ar\/en\/wp-json\/wp\/v2\/product_tag?post=145924"}],"curies":[{"name":"wp","href":"https:\/\/api.w.org\/{rel}","templated":true}]}}