{"id":149525,"date":"2025-04-28T17:51:47","date_gmt":"2025-04-28T17:51:47","guid":{"rendered":"https:\/\/ar.software.com.br\/produto\/adlib-insight\/"},"modified":"2025-04-28T17:51:47","modified_gmt":"2025-04-28T17:51:47","slug":"adlib-insight","status":"publish","type":"product","link":"https:\/\/software.com.ar\/en\/produto\/adlib-insight\/","title":{"rendered":"Adlib Insight"},"content":{"rendered":"<p><b><i>Insight \u00e9 20\/20<\/i><\/b><\/p>\n<p><i>O Adlib Insight encontra, classifica e extrai insights acion\u00e1veis \u200b\u200bpara permitir uma an\u00e1lise de dados mais profunda, permitindo que as organiza\u00e7\u00f5es:<\/i><\/p>\n<p><\/p>\n<ul>\n<li>Aproveite a IA para identificar, extrair e classificar automaticamente os dados vitais.<\/li>\n<li>Transforme processos intensivos de dados.<\/li>\n<li>Acelere a automa\u00e7\u00e3o do processo.<\/li>\n<li>Extraia informa\u00e7\u00f5es mais inteligentes dos dados armazenados em documentos.<\/li>\n<li>Facilmente organize, priorize e dados de a\u00e7\u00e3o para uma an\u00e1lise mais profunda..<\/li>\n<li>Tome decis\u00f5es de neg\u00f3cios mais inteligentes e atenda a objetivos mais amplos.<\/li>\n<li>Use os dados para aumentar a efici\u00eancia e economia de custos.<\/li>\n<\/ul>\n<p><\/p>\n<p style=\"text-align: center\">Saiba como o Adlib Insight possibilita uma an\u00e1lise de dados mais profunda para uma verdadeira excel\u00eancia operacional e intelig\u00eancia de neg\u00f3cios e de processo.<\/p>\n<p><\/p>\n<p>&#8211; Obtenha a folha de dados.<\/p>\n<p><span style=\"font-family: inherit\"><i>Feito para manufatura, servi\u00e7os financeiros e muito mais&#8230;<\/i><\/span><\/p>\n<p>O Adlib Insight foi projetado para lidar com um conjunto espec\u00edfico de desafios enfrentados por organiza\u00e7\u00f5es banc\u00e1rias, de seguros e de manufatura. Quer voc\u00ea deseje descoberta e an\u00e1lise robustas de contratos, integra\u00e7\u00e3o mais r\u00e1pida do cliente ou opera\u00e7\u00f5es \u00e1geis da cadeia de suprimentos, o Adlib Insight foi projetado para solucionar seus desafios comerciais e operacionais mais urgentes.<\/p>\n<p><span style=\"font-family: inherit\">&#8211; Aperte as opera\u00e7\u00f5es da cadeia de suprimentos.<\/span><\/p>\n<p><span style=\"font-family: inherit\">Automatize os processos centrados em dados que atrapalham sua cadeia de suprimentos.<\/span><\/p>\n<p><span style=\"font-family: inherit\">&#8211; Melhorar a experi\u00eancia do cliente.<\/span><\/p>\n<p>Aproveite a IA para acelerar fluxos de trabalho centrados em documentos e fornecer uma experi\u00eancia do cliente mais r\u00e1pida e excelente.<\/p>\n<p><span style=\"font-family: inherit\">&#8211; Simplifique a an\u00e1lise de contrato.<\/span><\/p>\n<p>Descubra e analise automaticamente os documentos do contrato para reduzir a revis\u00e3o manual, melhorar a mitiga\u00e7\u00e3o de riscos e aumentar o valor do \u00abTempo para resolu\u00e7\u00e3o\u00bb.<\/p>\n<p><span style=\"font-family: inherit\">&#8211; Simplifique a conformidade regulat\u00f3ria.<\/span><\/p>\n<p>Reduza o risco de n\u00e3o conformidade e elimine a sobrecarga manual do gerenciamento de documentos e informa\u00e7\u00f5es.<\/p>\n<p><span style=\"font-family: inherit\">&#8211; Acelere a integra\u00e7\u00e3o do cliente.<\/span><\/p>\n<p>Traga um maior n\u00edvel de agilidade aos processos voltados para o cliente. Acelere o tempo de valoriza\u00e7\u00e3o integrando clientes com mais rapidez.<\/p>\n<p><\/p>\n<p><b><i>Recursos Relacionados:<\/i><\/b><\/p>\n<p><span style=\"font-family: inherit\"><i>&#8211; Dados: o segredo da automa\u00e7\u00e3o de processos rob\u00f3ticos (artigo).<\/i><\/span><\/p>\n<p>O RPA apresenta uma vantagem sem precedentes quando se trata de automa\u00e7\u00e3o de processos de neg\u00f3cios. Mas sem dados limpos e de alta qualidade, o RPA pode ser um verdadeiro assassino de ROI. Leia como se preparar para o sucesso.<\/p>\n<p><\/p>\n<p><i>&#8211; Como superar os desafios do RPA empresarial (artigo).<\/i><\/p>\n<p>As empresas n\u00e3o podem alcan\u00e7ar todo o potencial do RPA se n\u00e3o tiverem dados limpos e de alta qualidade para alimentar os sistemas RPA. Leia como lidar com os dados n\u00e3o estruturados que est\u00e3o roubando seu sucesso.<\/p>\n<p><\/p>\n<p><i>&#8211; Adlib Elevate ajuda voc\u00ea a ganhar com melhores dados (p\u00e1gina da web).<\/i><\/p>\n<p>Aprenda como o Adlib Elevate TM permite que as empresas descubram, limpem e enriquecem dados de v\u00e1rias fontes, com mais rapidez no suporte \u00e0 cria\u00e7\u00e3o de uma estrat\u00e9gia digital de ponta a ponta, onde dados n\u00e3o estruturados alimentam a automa\u00e7\u00e3o do processo.<\/p>","protected":false},"excerpt":{"rendered":"<p><b><i>Adlib Insight.<\/i><\/b><\/p>\n<p>Take advantage of advanced data analysis to achieve true operational excellence.<\/p>\n<p>Achieving actionable business intelligence and operational excellence means capitalizing on opportunities, minimizing risks and knowing how processes work in departments and systems. But this is not a reality for many organizations: information is generally backed up by data banks, file compartments and legacy systems \u2013 burying vital perceptions in inaccessible data volumes. Free yourself from the limits of traditional systems and take advantage of the power of two data such as Adlib Insight.<\/p>","protected":false},"featured_media":149526,"comment_status":"open","ping_status":"closed","template":"","meta":{"_acf_changed":false},"segmento":[],"product_cat":[48449,48460,48444],"product_tag":[],"class_list":{"0":"post-149525","1":"product","2":"type-product","3":"status-publish","4":"has-post-thumbnail","6":"negocios-innovacion-e-id","7":"negocios-tecnologia-de-la-informacion-ti","8":"fabricante-adlib","9":"product_cat-analisis-de-datos","10":"product_cat-gestion-de-documentos","11":"product_cat-innovacion-y-transformacion-digital","13":"first","14":"instock","15":"shipping-taxable","16":"purchasable","17":"product-type-simple"},"acf":[],"_links":{"self":[{"href":"https:\/\/software.com.ar\/en\/wp-json\/wp\/v2\/product\/149525","targetHints":{"allow":["GET"]}}],"collection":[{"href":"https:\/\/software.com.ar\/en\/wp-json\/wp\/v2\/product"}],"about":[{"href":"https:\/\/software.com.ar\/en\/wp-json\/wp\/v2\/types\/product"}],"replies":[{"embeddable":true,"href":"https:\/\/software.com.ar\/en\/wp-json\/wp\/v2\/comments?post=149525"}],"wp:featuredmedia":[{"embeddable":true,"href":"https:\/\/software.com.ar\/en\/wp-json\/wp\/v2\/media\/149526"}],"wp:attachment":[{"href":"https:\/\/software.com.ar\/en\/wp-json\/wp\/v2\/media?parent=149525"}],"wp:term":[{"taxonomy":"segmento","embeddable":true,"href":"https:\/\/software.com.ar\/en\/wp-json\/wp\/v2\/segmento?post=149525"},{"taxonomy":"product_cat","embeddable":true,"href":"https:\/\/software.com.ar\/en\/wp-json\/wp\/v2\/product_cat?post=149525"},{"taxonomy":"product_tag","embeddable":true,"href":"https:\/\/software.com.ar\/en\/wp-json\/wp\/v2\/product_tag?post=149525"}],"curies":[{"name":"wp","href":"https:\/\/api.w.org\/{rel}","templated":true}]}}