{"id":152307,"date":"2025-04-28T18:10:47","date_gmt":"2025-04-28T18:10:47","guid":{"rendered":"https:\/\/ar.software.com.br\/produto\/turbo-net\/"},"modified":"2025-04-28T18:10:47","modified_gmt":"2025-04-28T18:10:47","slug":"turbo-net","status":"publish","type":"product","link":"https:\/\/software.com.ar\/en\/produto\/turbo-net\/","title":{"rendered":"Turbo.net"},"content":{"rendered":"<p>Agrupe una vez, publique en cualquier lugar<\/p>\n<p>Entregue aplicaciones en cualquier lugar desde un \u00fanico entorno de contenedor configurable.<\/p>\n<p>Migre libremente entre dispositivos y plataformas con API y conectores avanzados.<\/p>\n<p><strong>Herramientas y recursos<\/strong><\/p>\n<ul>\n<li>Estudio turbo<\/li>\n<\/ul>\n<p>Entorno de creaci\u00f3n para crear sus propias aplicaciones y componentes en contenedores.<\/p>\n<ul>\n<li>Servidor turbo<\/li>\n<\/ul>\n<p>Lleve Turbo.net a las instalaciones para obtener un rendimiento mejorado y funciones y robustez de clase empresarial.<\/p>\n<ul>\n<li>CI turbo<\/li>\n<\/ul>\n<p>La integraci\u00f3n continua (CI) alojada en la nube valida y actualiza autom\u00e1ticamente las im\u00e1genes de la aplicaci\u00f3n.<\/p>\n<ul>\n<li>Turbo en GitHub<\/li>\n<\/ul>\n<p>Repositorios oficiales de Git para proyectos, complementos y recursos Turbo de c\u00f3digo abierto.<\/p>\n<ul>\n<li>Todas las descargas<\/li>\n<\/ul>\n<p>Todos los clientes, servidores, extensiones, herramientas y m\u00e1s de Turbo.net.<\/p>","protected":false},"excerpt":{"rendered":"<p><strong>Deliver applications instantly, anywhere.<\/strong><\/p>\n<p>Turbo lets you publish and manage all your business apps from a single point for every platform and device.<\/p>","protected":false},"featured_media":152308,"comment_status":"open","ping_status":"closed","template":"","meta":{"_acf_changed":false},"segmento":[],"product_cat":[48452,48466],"product_tag":[],"class_list":{"0":"post-152307","1":"product","2":"type-product","3":"status-publish","4":"has-post-thumbnail","6":"negocios-innovacion-e-id","7":"negocios-tecnologia-de-la-informacion-ti","8":"fabricante-turbo-net","9":"product_cat-productividad","10":"product_cat-virtualizacion","12":"first","13":"instock","14":"shipping-taxable","15":"purchasable","16":"product-type-simple"},"acf":[],"_links":{"self":[{"href":"https:\/\/software.com.ar\/en\/wp-json\/wp\/v2\/product\/152307","targetHints":{"allow":["GET"]}}],"collection":[{"href":"https:\/\/software.com.ar\/en\/wp-json\/wp\/v2\/product"}],"about":[{"href":"https:\/\/software.com.ar\/en\/wp-json\/wp\/v2\/types\/product"}],"replies":[{"embeddable":true,"href":"https:\/\/software.com.ar\/en\/wp-json\/wp\/v2\/comments?post=152307"}],"wp:featuredmedia":[{"embeddable":true,"href":"https:\/\/software.com.ar\/en\/wp-json\/wp\/v2\/media\/152308"}],"wp:attachment":[{"href":"https:\/\/software.com.ar\/en\/wp-json\/wp\/v2\/media?parent=152307"}],"wp:term":[{"taxonomy":"segmento","embeddable":true,"href":"https:\/\/software.com.ar\/en\/wp-json\/wp\/v2\/segmento?post=152307"},{"taxonomy":"product_cat","embeddable":true,"href":"https:\/\/software.com.ar\/en\/wp-json\/wp\/v2\/product_cat?post=152307"},{"taxonomy":"product_tag","embeddable":true,"href":"https:\/\/software.com.ar\/en\/wp-json\/wp\/v2\/product_tag?post=152307"}],"curies":[{"name":"wp","href":"https:\/\/api.w.org\/{rel}","templated":true}]}}