{"id":159703,"date":"2025-04-28T19:30:29","date_gmt":"2025-04-28T19:30:29","guid":{"rendered":"https:\/\/ar.software.com.br\/produto\/powerbi-tiles-pro\/"},"modified":"2025-04-28T19:30:29","modified_gmt":"2025-04-28T19:30:29","slug":"powerbi-tiles-pro","status":"publish","type":"product","link":"https:\/\/software.com.ar\/en\/produto\/powerbi-tiles-pro\/","title":{"rendered":"PowerBI Tiles Pro"},"content":{"rendered":"<ul>\n<li>Puede acceder a su espacio de trabajo directamente desde PowerPoint, seleccionar los informes, tableros o una sola imagen de su elecci\u00f3n, agregarlo a su presentaci\u00f3n como una captura de pantalla de alta calidad. Todo el proceso es fluido, r\u00e1pido y firma una nueva diapositiva para cada informe, panel o elemento visual que seleccione.<\/li>\n<\/ul>\n<ul>\n<li><span style=\"font-size: 14px\">PowerBI Tiles Pro le brinda acceso al panel de filtro de cada informe, lo que le permite filtrar los datos como mejor le parezca antes de agregarlos a su presentaci\u00f3n, correo electr\u00f3nico o documento. Si necesita actualizar o cambiar filtros en uno o m\u00e1s de sus informes integrados de Power BI, tambi\u00e9n puede hacerlo directamente en PowerPoint, Word o Outlook. Todos los formatos, temas y estilos permanecen sin cambios.<\/span><\/li>\n<\/ul>\n<ul>\n<li><span style=\"font-size: 14px\">Uno de los complementos de Power BI m\u00e1s populares disponibles en la tienda de Office, PowerBI Tiles Pro Online le permite integrar informes de Power BI en tiempo real en PowerPoint y se incluye con su licencia de PowerBI Tiles Pro. Con PowerBI Tiles Pro<br \/>\n<\/span><\/li>\n<\/ul>\n<p><span style=\"font-size: 14px\"><br \/><\/span><span style=\"font-size: 14px\"><br \/>\n<\/span><span style=\"font-size: 14px\"><br \/>\n<\/span><\/p>","protected":false},"excerpt":{"rendered":"<p>PowerBI Tiles Pro conecta Power BI con PowerPoint, Word y Outlook y le permite acceder a sus espacios de trabajo de Power BI directamente desde estas aplicaciones de Office e insertar capturas de pantalla de alta resoluci\u00f3n de cualquier informe y tablero directamente en su presentaci\u00f3n, documento o correo electr\u00f3nico en el que est\u00e1 trabajando.\n<\/p>\n<p><\/p>","protected":false},"featured_media":159704,"comment_status":"open","ping_status":"closed","template":"","meta":{"_acf_changed":false},"segmento":[],"product_cat":[48449,48444,48452],"product_tag":[],"class_list":{"0":"post-159703","1":"product","2":"type-product","3":"status-publish","4":"has-post-thumbnail","6":"negocios-administracion-general","7":"negocios-finanzas","8":"negocios-marketing","9":"negocios-operaciones","10":"negocios-planificacion-y-estrategia","11":"negocios-tecnologia-de-la-informacion-ti","12":"negocios-ventas-comercial","13":"product_cat-analisis-de-datos","14":"product_cat-innovacion-y-transformacion-digital","15":"product_cat-productividad","17":"first","18":"instock","19":"shipping-taxable","20":"purchasable","21":"product-type-simple"},"acf":[],"_links":{"self":[{"href":"https:\/\/software.com.ar\/en\/wp-json\/wp\/v2\/product\/159703","targetHints":{"allow":["GET"]}}],"collection":[{"href":"https:\/\/software.com.ar\/en\/wp-json\/wp\/v2\/product"}],"about":[{"href":"https:\/\/software.com.ar\/en\/wp-json\/wp\/v2\/types\/product"}],"replies":[{"embeddable":true,"href":"https:\/\/software.com.ar\/en\/wp-json\/wp\/v2\/comments?post=159703"}],"wp:featuredmedia":[{"embeddable":true,"href":"https:\/\/software.com.ar\/en\/wp-json\/wp\/v2\/media\/159704"}],"wp:attachment":[{"href":"https:\/\/software.com.ar\/en\/wp-json\/wp\/v2\/media?parent=159703"}],"wp:term":[{"taxonomy":"segmento","embeddable":true,"href":"https:\/\/software.com.ar\/en\/wp-json\/wp\/v2\/segmento?post=159703"},{"taxonomy":"product_cat","embeddable":true,"href":"https:\/\/software.com.ar\/en\/wp-json\/wp\/v2\/product_cat?post=159703"},{"taxonomy":"product_tag","embeddable":true,"href":"https:\/\/software.com.ar\/en\/wp-json\/wp\/v2\/product_tag?post=159703"}],"curies":[{"name":"wp","href":"https:\/\/api.w.org\/{rel}","templated":true}]}}